{"id":592,"date":"2019-05-14T12:57:30","date_gmt":"2019-05-14T10:57:30","guid":{"rendered":"http:\/\/abcplongee87.fr\/?page_id=592"},"modified":"2020-05-12T16:38:22","modified_gmt":"2020-05-12T14:38:22","slug":"apnee","status":"publish","type":"page","link":"http:\/\/abcplongee87.fr\/?page_id=592","title":{"rendered":"Apn\u00e9e"},"content":{"rendered":"\n<p>Une activit\u00e9 compl\u00e9mentaire \u00e0 la plong\u00e9e avec blocs<\/p>\n","protected":false},"excerpt":{"rendered":"<p>Une activit\u00e9 compl\u00e9mentaire \u00e0 la plong\u00e9e avec blocs<\/p>\n","protected":false},"author":1,"featured_media":0,"parent":0,"menu_order":0,"comment_status":"closed","ping_status":"closed","template":"","meta":{"footnotes":""},"_links":{"self":[{"href":"http:\/\/abcplongee87.fr\/index.php?rest_route=\/wp\/v2\/pages\/592"}],"collection":[{"href":"http:\/\/abcplongee87.fr\/index.php?rest_route=\/wp\/v2\/pages"}],"about":[{"href":"http:\/\/abcplongee87.fr\/index.php?rest_route=\/wp\/v2\/types\/page"}],"author":[{"embeddable":true,"href":"http:\/\/abcplongee87.fr\/index.php?rest_route=\/wp\/v2\/users\/1"}],"replies":[{"embeddable":true,"href":"http:\/\/abcplongee87.fr\/index.php?rest_route=%2Fwp%2Fv2%2Fcomments&post=592"}],"version-history":[{"count":2,"href":"http:\/\/abcplongee87.fr\/index.php?rest_route=\/wp\/v2\/pages\/592\/revisions"}],"predecessor-version":[{"id":1234,"href":"http:\/\/abcplongee87.fr\/index.php?rest_route=\/wp\/v2\/pages\/592\/revisions\/1234"}],"wp:attachment":[{"href":"http:\/\/abcplongee87.fr\/index.php?rest_route=%2Fwp%2Fv2%2Fmedia&parent=592"}],"curies":[{"name":"wp","href":"https:\/\/api.w.org\/{rel}","templated":true}]}}