{"id":59,"date":"2017-12-18T09:08:30","date_gmt":"2017-12-18T08:08:30","guid":{"rendered":"http:\/\/abcplongee87.fr\/?page_id=59"},"modified":"2025-09-28T17:12:09","modified_gmt":"2025-09-28T15:12:09","slug":"administratif","status":"publish","type":"page","link":"http:\/\/abcplongee87.fr\/?page_id=59","title":{"rendered":"Administratif"},"content":{"rendered":"<p>Veuillez trouver les informations administratives de l&rsquo;ABC Plong\u00e9e<\/p>\n<p><a title=\"Bulletin Adhesion Saison 2025-2026\" href=\"http:\/\/abcplongee87.fr\/wp-content\/uploads\/2025\/09\/Bulletin-dadhesion-2025-2026.pdf\">Bulletin Adh\u00e9sion Saison 2025-2026<\/a><\/p>\n<p><a href=\"http:\/\/abcplongee87.fr\/wp-content\/uploads\/2025\/09\/MODELE-CACI.pdf\">Certificat M\u00e9dical<\/a><\/p>\n\n\n<p><\/p>\n","protected":false},"excerpt":{"rendered":"<p>Veuillez trouver les informations administratives de l&rsquo;ABC Plong\u00e9e Bulletin Adh\u00e9sion Saison 2025-2026 Certificat M\u00e9dical<\/p>\n","protected":false},"author":1,"featured_media":0,"parent":0,"menu_order":0,"comment_status":"closed","ping_status":"closed","template":"","meta":{"footnotes":""},"_links":{"self":[{"href":"http:\/\/abcplongee87.fr\/index.php?rest_route=\/wp\/v2\/pages\/59"}],"collection":[{"href":"http:\/\/abcplongee87.fr\/index.php?rest_route=\/wp\/v2\/pages"}],"about":[{"href":"http:\/\/abcplongee87.fr\/index.php?rest_route=\/wp\/v2\/types\/page"}],"author":[{"embeddable":true,"href":"http:\/\/abcplongee87.fr\/index.php?rest_route=\/wp\/v2\/users\/1"}],"replies":[{"embeddable":true,"href":"http:\/\/abcplongee87.fr\/index.php?rest_route=%2Fwp%2Fv2%2Fcomments&post=59"}],"version-history":[{"count":19,"href":"http:\/\/abcplongee87.fr\/index.php?rest_route=\/wp\/v2\/pages\/59\/revisions"}],"predecessor-version":[{"id":1380,"href":"http:\/\/abcplongee87.fr\/index.php?rest_route=\/wp\/v2\/pages\/59\/revisions\/1380"}],"wp:attachment":[{"href":"http:\/\/abcplongee87.fr\/index.php?rest_route=%2Fwp%2Fv2%2Fmedia&parent=59"}],"curies":[{"name":"wp","href":"https:\/\/api.w.org\/{rel}","templated":true}]}}