{"id":568,"date":"2019-05-14T12:39:38","date_gmt":"2019-05-14T10:39:38","guid":{"rendered":"http:\/\/abcplongee87.fr\/?page_id=568"},"modified":"2020-05-12T16:38:36","modified_gmt":"2020-05-12T14:38:36","slug":"bapteme","status":"publish","type":"page","link":"http:\/\/abcplongee87.fr\/?page_id=568","title":{"rendered":"Bapt\u00eame de plong\u00e9e"},"content":{"rendered":"\n<p>Venez d\u00e9couvrir le monde sous-marin gr\u00e2ce \u00e0 un bapt\u00eame\nde plong\u00e9e en piscine.<\/p>\n\n\n\n<p>Celui-ci est\ngratuit sans engagement.<\/p>\n\n\n\n<p>Un encadrant vous fera d\u00e9couvrir notre activit\u00e9 et\nvous expliquant votre mat\u00e9riel et quelques signes de communication.<\/p>\n\n\n\n<p>Vous n\u2019avez\nbesoin que d\u2019un maillot de bain et une serviette. On vous pr\u00eatera tout le\nmat\u00e9riel n\u00e9cessaire.\n\nN\u2019h\u00e9sitez pas&nbsp;!!\n\n\n\n<\/p>\n\n\n\n<figure class=\"wp-block-image is-resized\"><img loading=\"lazy\" decoding=\"async\" src=\"https:\/\/abcplongee87.fr\/wp-content\/uploads\/2019\/05\/IMG_1024.jpg\" alt=\"\" class=\"wp-image-569\" width=\"324\" height=\"508\"\/><\/figure>\n","protected":false},"excerpt":{"rendered":"<p>Venez d\u00e9couvrir le monde sous-marin gr\u00e2ce \u00e0 un bapt\u00eame de plong\u00e9e en piscine. Celui-ci est gratuit sans engagement. Un encadrant vous fera d\u00e9couvrir notre activit\u00e9 et vous expliquant votre mat\u00e9riel et quelques signes de communication. Vous n\u2019avez besoin que d\u2019un maillot de bain et une serviette. On vous pr\u00eatera tout le mat\u00e9riel n\u00e9cessaire. N\u2019h\u00e9sitez pas&nbsp;!!<\/p>\n","protected":false},"author":1,"featured_media":0,"parent":0,"menu_order":0,"comment_status":"closed","ping_status":"closed","template":"","meta":{"footnotes":""},"_links":{"self":[{"href":"http:\/\/abcplongee87.fr\/index.php?rest_route=\/wp\/v2\/pages\/568"}],"collection":[{"href":"http:\/\/abcplongee87.fr\/index.php?rest_route=\/wp\/v2\/pages"}],"about":[{"href":"http:\/\/abcplongee87.fr\/index.php?rest_route=\/wp\/v2\/types\/page"}],"author":[{"embeddable":true,"href":"http:\/\/abcplongee87.fr\/index.php?rest_route=\/wp\/v2\/users\/1"}],"replies":[{"embeddable":true,"href":"http:\/\/abcplongee87.fr\/index.php?rest_route=%2Fwp%2Fv2%2Fcomments&post=568"}],"version-history":[{"count":2,"href":"http:\/\/abcplongee87.fr\/index.php?rest_route=\/wp\/v2\/pages\/568\/revisions"}],"predecessor-version":[{"id":572,"href":"http:\/\/abcplongee87.fr\/index.php?rest_route=\/wp\/v2\/pages\/568\/revisions\/572"}],"wp:attachment":[{"href":"http:\/\/abcplongee87.fr\/index.php?rest_route=%2Fwp%2Fv2%2Fmedia&parent=568"}],"curies":[{"name":"wp","href":"https:\/\/api.w.org\/{rel}","templated":true}]}}