{"id":18,"date":"2017-12-14T10:43:41","date_gmt":"2017-12-14T09:43:41","guid":{"rendered":"http:\/\/abcplongee87.fr\/?page_id=18"},"modified":"2020-05-12T16:39:19","modified_gmt":"2020-05-12T14:39:19","slug":"contact","status":"publish","type":"page","link":"http:\/\/abcplongee87.fr\/?page_id=18","title":{"rendered":"Contact"},"content":{"rendered":"<h1>N&rsquo;h\u00e9sitez pas \u00e0 nous contacter \u00e0 <span style=\"color: #0000ff;\"><a href=\"mailto:abcplongee87@gmail.com\"><strong>abcplongee87@gmail.com<\/strong><\/a><em><span style=\"color: #000000;\">.<\/span><\/em><\/span><\/h1>\n","protected":false},"excerpt":{"rendered":"<p>N&rsquo;h\u00e9sitez pas \u00e0 nous contacter \u00e0 abcplongee87@gmail.com.<\/p>\n","protected":false},"author":1,"featured_media":0,"parent":0,"menu_order":0,"comment_status":"closed","ping_status":"closed","template":"","meta":{"footnotes":""},"_links":{"self":[{"href":"http:\/\/abcplongee87.fr\/index.php?rest_route=\/wp\/v2\/pages\/18"}],"collection":[{"href":"http:\/\/abcplongee87.fr\/index.php?rest_route=\/wp\/v2\/pages"}],"about":[{"href":"http:\/\/abcplongee87.fr\/index.php?rest_route=\/wp\/v2\/types\/page"}],"author":[{"embeddable":true,"href":"http:\/\/abcplongee87.fr\/index.php?rest_route=\/wp\/v2\/users\/1"}],"replies":[{"embeddable":true,"href":"http:\/\/abcplongee87.fr\/index.php?rest_route=%2Fwp%2Fv2%2Fcomments&post=18"}],"version-history":[{"count":6,"href":"http:\/\/abcplongee87.fr\/index.php?rest_route=\/wp\/v2\/pages\/18\/revisions"}],"predecessor-version":[{"id":135,"href":"http:\/\/abcplongee87.fr\/index.php?rest_route=\/wp\/v2\/pages\/18\/revisions\/135"}],"wp:attachment":[{"href":"http:\/\/abcplongee87.fr\/index.php?rest_route=%2Fwp%2Fv2%2Fmedia&parent=18"}],"curies":[{"name":"wp","href":"https:\/\/api.w.org\/{rel}","templated":true}]}}