{"id":17,"date":"2017-12-14T10:43:41","date_gmt":"2017-12-14T09:43:41","guid":{"rendered":"http:\/\/abcplongee87.fr\/?page_id=17"},"modified":"2024-11-16T18:41:11","modified_gmt":"2024-11-16T17:41:11","slug":"a-propos-de","status":"publish","type":"page","link":"http:\/\/abcplongee87.fr\/?page_id=17","title":{"rendered":"Nous rencontrer"},"content":{"rendered":"<p>Vous souhaitez d\u00e9couvrir la plong\u00e9e, n&rsquo;h\u00e9sitez plus, \u00e7a se passe ici !<\/p>\n<p>Venez faire un bapt\u00eame gratuit avec nous. Rendez-vous par mail <a href=\"mailto:abcplongee87@gmail.com\"><span style=\"color: #0000ff;\">abcplongee87@gmail.com<\/span><\/a> pour un premier contact ou directement \u00e0 la piscine de Beaublanc le mercredi soir \u00e0 partir de 21h30.<\/p>\n<p>Vous pouvez aussi nous contacter au 07 81 68 57 34<\/p>\n<p>Demandez l&rsquo;ABCP87 et nous vous ferons partager le plaisir de d\u00e9couvrir le monde subaquatique.<\/p>\n<p><strong>Horaires :<\/strong><br \/>\nPiscine de Beaublanc le mercredi \u00e0 partir de 21H30<\/p>\n<p>Merci \u00e0 notre partenaire SOL O DEPOT https:\/\/solodepot.fr\/<\/p>\n<p><img loading=\"lazy\" decoding=\"async\" class=\"alignnone size-medium wp-image-1337\" src=\"http:\/\/abcplongee87.fr\/wp-content\/uploads\/2023\/11\/SOLODEPOT-300x95.jpg\" alt=\"\" width=\"300\" height=\"95\" srcset=\"http:\/\/abcplongee87.fr\/wp-content\/uploads\/2023\/11\/SOLODEPOT-300x95.jpg 300w, http:\/\/abcplongee87.fr\/wp-content\/uploads\/2023\/11\/SOLODEPOT.jpg 625w\" sizes=\"(max-width: 300px) 100vw, 300px\" \/><\/p>\n","protected":false},"excerpt":{"rendered":"<p>Vous souhaitez d\u00e9couvrir la plong\u00e9e, n&rsquo;h\u00e9sitez plus, \u00e7a se passe ici ! Venez faire un bapt\u00eame gratuit avec nous. Rendez-vous par mail abcplongee87@gmail.com pour un premier contact ou directement \u00e0 la piscine de Beaublanc le mercredi soir \u00e0 partir de 21h30. Vous pouvez aussi nous contacter au 07 81 68 57 34 Demandez l&rsquo;ABCP87 et &hellip; <\/p>\n<p class=\"link-more\"><a href=\"http:\/\/abcplongee87.fr\/?page_id=17\" class=\"more-link\">Continuer la lecture<span class=\"screen-reader-text\"> de &laquo;&nbsp;Nous rencontrer&nbsp;&raquo;<\/span><\/a><\/p>\n","protected":false},"author":1,"featured_media":0,"parent":0,"menu_order":0,"comment_status":"closed","ping_status":"closed","template":"","meta":{"footnotes":""},"_links":{"self":[{"href":"http:\/\/abcplongee87.fr\/index.php?rest_route=\/wp\/v2\/pages\/17"}],"collection":[{"href":"http:\/\/abcplongee87.fr\/index.php?rest_route=\/wp\/v2\/pages"}],"about":[{"href":"http:\/\/abcplongee87.fr\/index.php?rest_route=\/wp\/v2\/types\/page"}],"author":[{"embeddable":true,"href":"http:\/\/abcplongee87.fr\/index.php?rest_route=\/wp\/v2\/users\/1"}],"replies":[{"embeddable":true,"href":"http:\/\/abcplongee87.fr\/index.php?rest_route=%2Fwp%2Fv2%2Fcomments&post=17"}],"version-history":[{"count":14,"href":"http:\/\/abcplongee87.fr\/index.php?rest_route=\/wp\/v2\/pages\/17\/revisions"}],"predecessor-version":[{"id":1356,"href":"http:\/\/abcplongee87.fr\/index.php?rest_route=\/wp\/v2\/pages\/17\/revisions\/1356"}],"wp:attachment":[{"href":"http:\/\/abcplongee87.fr\/index.php?rest_route=%2Fwp%2Fv2%2Fmedia&parent=17"}],"curies":[{"name":"wp","href":"https:\/\/api.w.org\/{rel}","templated":true}]}}